{"id":25778,"date":"2022-09-19T19:14:39","date_gmt":"2022-09-19T19:14:39","guid":{"rendered":"https:\/\/geosplet.com\/?page_id=25778"},"modified":"2022-09-20T06:30:24","modified_gmt":"2022-09-20T06:30:24","slug":"varovanje-podatkov","status":"publish","type":"page","link":"https:\/\/geosplet.com\/si\/varovanje-podatkov\/","title":{"rendered":"Varovanje podatkov"},"content":{"rendered":"\t\t<div data-elementor-type=\"wp-page\" data-elementor-id=\"25778\" class=\"elementor elementor-25778\" data-elementor-post-type=\"page\">\n\t\t\t\t\t\t<section class=\"elementor-section elementor-top-section elementor-element elementor-element-d30aa5b elementor-section-boxed elementor-section-height-default elementor-section-height-default\" data-id=\"d30aa5b\" data-element_type=\"section\" data-e-type=\"section\">\n\t\t\t\t\t\t<div class=\"elementor-container elementor-column-gap-default\">\n\t\t\t\t\t<div class=\"elementor-column elementor-col-100 elementor-top-column elementor-element elementor-element-2238250 ot-flex-column-vertical\" data-id=\"2238250\" data-element_type=\"column\" data-e-type=\"column\">\n\t\t\t<div class=\"elementor-widget-wrap elementor-element-populated\">\n\t\t\t\t\t\t<div class=\"elementor-element elementor-element-fd5c05a elementor-widget elementor-widget-text-editor\" data-id=\"fd5c05a\" data-element_type=\"widget\" data-e-type=\"widget\" data-widget_type=\"text-editor.default\">\n\t\t\t\t\t\t\t\t\t<h5>Varovanje podatkov\u00a0<\/h5><h5>Osebni podatki<\/h5><p>Va\u0161e osebne podatke obdelujemo , da lahko efektivno odgovorimo na va\u0161e povpra\u0161evanje ali obdelamo prijavo na dogodek ter, da vam lahko zagotovimo najbolj\u0161o mo\u017eno izku\u0161njo na na\u0161i spletni strani ter drugih digitalnih kanalih, ki jih uporabljamo.<\/p><p>Va\u0161e osebne podatke bomo uporabili izklju\u010dno za potrebe izpolnitve naro\u010dila (npr. po\u0161iljanje informativnega gradiva, ponudb, ra\u010dunov, vse v zvezi z naro\u010dilom) in izbolj\u0161anja komunikacije z vami (npr. targetirano ogla\u0161evanje in po\u0161iljanje elektronskih sporo\u010dil).<\/p><p>S privolitvijo v obdelavo osebnih podatkov se strinjate, da lahko pridobljene osebne podatke uporabljamo tudi za namene neposrednega tr\u017eenja in za namene vzor\u010denja, anketiranja in statisti\u010dne obdelave podatkov, za ugotavljanje uporabe storitev, prilagajanje ponudbe in segmentacije, za raziskave trga, obve\u0161\u010danje o ponudbi, novostih in ugodnostih, za po\u0161iljanje e-novic in drugega oglasnega gradiva, obve\u0161\u010danju uporabnikov o storitvah podjetja Geosplet d.o.o., ter povezanih oseb in za druge oblike uporabe posredovanih podatkov. Zbrani podatki se lahko pri tem posredujejo tretjim osebam s katerimi ima Geosplet podpisano pogodbo o obdelavi podatkov.<\/p><p>Uporabnik lahko kadarkoli pisno zahteva, da Geosplet trajno ali za\u010dasno preneha uporabljati osebne podatke. V \u010dasu upravljanja osebnih podatkov ima posameznik na zahtevo mo\u017enost vpogleda in a\u017euriranja podatkov v bazi podatkov. Z vsemi pridobljenimi osebnimi podatki bo upravljavec spletnega mesta ravnal v skladu z veljavnimi zakoni. Va\u0161i podatki so ustrezno za\u0161\u010diteni pred izgubo, uni\u010denjem, ponarejanjem, manipuliranjem in neavtoriziranim dostopom ali neavtoriziranim odkritjem s strani tretjih oseb.<\/p><h5>Pravica do obve\u0161\u010denosti<\/h5><p>\u010ce imate kakr\u0161na koli vpra\u0161anja v zvezi z na\u0161o politiko varovanja osebnih podatkov ali na\u010dinom obravnave va\u0161ih osebnih podatkov, se lahko brez zadr\u017ekov obrnete na nas.\u00a0<\/p><p>Na podlagi va\u0161e zahteve vas bomo, pisno in v skladu z ustreznimi predpisi, obvestili katere osebne podatke smo zbrali.<\/p><h5>Namen uporabe<\/h5><p>Ljudje nismo \u0161tevilke. Smo individualne osebe z lastnimi cilji, preferencami, potrebami in problemi. \u010ce \u017eelimo zagotoviti kar se da personalizirano uporabni\u0161ko izku\u0161njo, moramo razumeti potrebe in probleme posameznega uporabnika. S tem namenom vas moramo spoznati nekoliko bolje. Razumeti \u017eelimo katere tematike vas zanimajo, katere vsebine prebirate na na\u0161ih spletnih straneh, katere dogodke obiskujete, kateri komunikacijski kanali so najbolj primerni za komunikacijo z vami ipd.<\/p><p>Soglasje k hrambi, obdelavi in posredovanju osebnih podatkov s sodelovanjem v nagradnih igrah, prenosom datotek s spletnih strani Geospleta, oddajo svojih podatkov preko spletnih obrazec ali naro\u010dilu na e-novice, uporabnik dovoljuje podjetju Geosplet d.o.o., obdelovanje in hranjenje posredovanih osebnih podatkov, skladno z veljavnimi zakoni. S podanim soglasjem uporabnik dovoljuje podjetju Geosplet d.o.o., da kot upravljavec zbirke osebnih podatkov obdeluje zbrane osebne podatke za namene vzor\u010denja, anketiranja in statisti\u010dne obdelave podatkov, za ugotavljanje uporabe storitev, prilagajanje ponudbe in segmentacije, za raziskave trga, obve\u0161\u010danje o ponudbi, novostih in ugodnostih, za po\u0161iljanje e-novic in drugega oglasnega gradiva, obve\u0161\u010danju uporabnikov o storitvah podjetja Geosplet d.o.o., ter povezanih oseb in za druge oblike uporabe posredovanih podatkov.<\/p><p>Navedene podatke lahko podjetje Geosplet d.o.o., obdeluje za lastne potrebe do preklica privolitve z zahtevo za odstranitev osebnih podatkov iz baze, sicer pa le toliko \u010dasa, kolikor je nujno potrebno za dosego namena, zaradi katerega so bili podatki zbrani, tj. 10 let za registrirane uporabnike, 5 let za vse ostale uporabnike ter do odjave naro\u010dnika na e-novice, oziroma dokler upravljavec ne preneha s svojo dejavnostjo na trgu. V \u010dasu upravljanja osebnih podatkov ima posameznik na zahtevo mo\u017enost vpogleda in a\u017euriranja podatkov v bazi podatkov.<\/p><h5>Varovanje va\u0161e zasebnosti<\/h5><p>Geosplet zagotavlja vse potrebne tehnolo\u0161ke in organizacijske re\u0161itve za popolno varnost va\u0161ih podatkov. Prenos ob\u010dutljivih osebnih in transakcijskih podatkov na spletni strani se izvaja v varnem na\u010dinu s pomo\u010djo protokola SSL (Secure Sockets Layer). Podatki se kodirajo z do 256 bitnim klju\u010dem, \u0161e preden zapustijo va\u0161 brskalnik, in se na na\u0161 stre\u017enik prena\u0161ajo v za\u0161\u010diteni obliki. Sistem tako prepre\u010duje, da bi kdo prestregel va\u0161e osebne in transakcijske podatke, ki jih po\u0161iljate v spletno trgovino.<\/p>\t\t\t\t\t\t\t\t<\/div>\n\t\t\t\t\t<\/div>\n\t\t<\/div>\n\t\t\t\t\t<\/div>\n\t\t<\/section>\n\t\t\t\t<\/div>\n\t\t","protected":false},"excerpt":{"rendered":"<p>Varovanje podatkov\u00a0 Osebni podatki Va\u0161e osebne podatke obdelujemo , da lahko efektivno odgovorimo na va\u0161e povpra\u0161evanje ali obdelamo prijavo na dogodek ter, da vam lahko zagotovimo najbolj\u0161o mo\u017eno izku\u0161njo na na\u0161i spletni strani ter drugih digitalnih kanalih, ki jih uporabljamo. Va\u0161e osebne podatke bomo uporabili izklju\u010dno za potrebe izpolnitve naro\u010dila (npr. po\u0161iljanje informativnega gradiva, ponudb, [&hellip;]<\/p>\n","protected":false},"author":1,"featured_media":0,"parent":0,"menu_order":0,"comment_status":"closed","ping_status":"closed","template":"elementor_header_footer","meta":{"inline_featured_image":false,"_monsterinsights_skip_tracking":false,"_monsterinsights_sitenote_active":false,"_monsterinsights_sitenote_note":"","_monsterinsights_sitenote_category":0,"footnotes":""},"class_list":["post-25778","page","type-page","status-publish","hentry"],"aioseo_notices":[],"_links":{"self":[{"href":"https:\/\/geosplet.com\/si\/wp-json\/wp\/v2\/pages\/25778","targetHints":{"allow":["GET"]}}],"collection":[{"href":"https:\/\/geosplet.com\/si\/wp-json\/wp\/v2\/pages"}],"about":[{"href":"https:\/\/geosplet.com\/si\/wp-json\/wp\/v2\/types\/page"}],"author":[{"embeddable":true,"href":"https:\/\/geosplet.com\/si\/wp-json\/wp\/v2\/users\/1"}],"replies":[{"embeddable":true,"href":"https:\/\/geosplet.com\/si\/wp-json\/wp\/v2\/comments?post=25778"}],"version-history":[{"count":10,"href":"https:\/\/geosplet.com\/si\/wp-json\/wp\/v2\/pages\/25778\/revisions"}],"predecessor-version":[{"id":25803,"href":"https:\/\/geosplet.com\/si\/wp-json\/wp\/v2\/pages\/25778\/revisions\/25803"}],"wp:attachment":[{"href":"https:\/\/geosplet.com\/si\/wp-json\/wp\/v2\/media?parent=25778"}],"curies":[{"name":"wp","href":"https:\/\/api.w.org\/{rel}","templated":true}]}}