{"id":25778,"date":"2022-09-19T19:14:39","date_gmt":"2022-09-19T19:14:39","guid":{"rendered":"https:\/\/geosplet.com\/?page_id=25778"},"modified":"2022-09-20T06:30:24","modified_gmt":"2022-09-20T06:30:24","slug":"zastita-podataka","status":"publish","type":"page","link":"https:\/\/geosplet.com\/hr\/varovanje-podatkov\/","title":{"rendered":"Za\u0161tita podataka"},"content":{"rendered":"<div data-elementor-type=\"wp-page\" data-elementor-id=\"25778\" class=\"elementor elementor-25778\" data-elementor-post-type=\"page\">\n\t\t\t\t\t\t<section class=\"elementor-section elementor-top-section elementor-element elementor-element-d30aa5b elementor-section-boxed elementor-section-height-default elementor-section-height-default\" data-id=\"d30aa5b\" data-element_type=\"section\" data-e-type=\"section\">\n\t\t\t\t\t\t<div class=\"elementor-container elementor-column-gap-default\">\n\t\t\t\t\t<div class=\"elementor-column elementor-col-100 elementor-top-column elementor-element elementor-element-2238250 ot-flex-column-vertical\" data-id=\"2238250\" data-element_type=\"column\" data-e-type=\"column\">\n\t\t\t<div class=\"elementor-widget-wrap elementor-element-populated\">\n\t\t\t\t\t\t<div class=\"elementor-element elementor-element-fd5c05a elementor-widget elementor-widget-text-editor\" data-id=\"fd5c05a\" data-element_type=\"widget\" data-e-type=\"widget\" data-widget_type=\"text-editor.default\">\n\t\t\t\t\t\t\t\t\t<h5>Za\u0161tita podataka\u00a0<\/h5><h5>Osobni podaci<\/h5><p>Va\u0161e osobne podatke obra\u0111ujemo kako bismo mogli u\u010dinkovito odgovoriti na va\u0161 upit ili obraditi va\u0161u registraciju za doga\u0111aj te kako bismo vam mogli pru\u017eiti najbolje mogu\u0107e iskustvo na na\u0161oj web stranici i drugim digitalnim kanalima koje koristimo.<\/p><p>Va\u0161e osobne podatke koristit \u0107emo isklju\u010divo u svrhu ispunjenja narud\u017ebe (npr. slanje informativnih materijala, ponuda, ra\u010duna, svega vezanog uz narud\u017ebu) i pobolj\u0161anje komunikacije s vama (npr. ciljano ogla\u0161avanje i slanje elektroni\u010dkih poruka).<\/p><p>Davanjem privole za obradu osobnih podataka pristajete da dobivene osobne podatke mo\u017eemo koristiti i u svrhu izravnog marketinga te u svrhu uzorkovanja, anketiranja i statisti\u010dke obrade podataka, za utvr\u0111ivanje kori\u0161tenja usluga, prilago\u0111avanje ponude i segmentacije, za istra\u017eivanje tr\u017ei\u0161ta, informiranje o ponudi, novostima i pogodnostima, za slanje e-biltena i drugih reklamnih materijala, informiranje korisnika o uslugama tvrtke Geosplet doo i povezanih strana te za druge oblike kori\u0161tenja prenesenih podataka. Prikupljeni podaci mogu se prenijeti tre\u0107im stranama s kojima je Geosplet potpisao ugovor o obradi podataka.<\/p><p>Korisnik mo\u017ee u bilo kojem trenutku pismeno zatra\u017eiti da Geosplet trajno ili privremeno prestane koristiti osobne podatke. Tijekom upravljanja osobnim podacima, pojedinac ima mogu\u0107nost pregleda i a\u017euriranja podataka u bazi podataka na zahtjev. Operater web stranice postupat \u0107e sa svim dobivenim osobnim podacima u skladu s va\u017ee\u0107im zakonima. Va\u0161i podaci su adekvatno za\u0161ti\u0107eni od gubitka, uni\u0161tenja, krivotvorenja, manipulacije i neovla\u0161tenog pristupa ili neovla\u0161tenog otkrivanja od strane tre\u0107ih strana.<\/p><h5>Pravo na informaciju<\/h5><p>Ako imate bilo kakvih pitanja u vezi s na\u0161om politikom privatnosti ili na\u010dinom na koji obra\u0111ujemo va\u0161e osobne podatke, slobodno nas kontaktirajte.\u00a0<\/p><p>Na va\u0161 zahtjev, pismeno \u0107emo vas i u skladu s va\u017ee\u0107im propisima obavijestiti o tome koje smo osobne podatke prikupili.<\/p><h5>Svrha upotrebe<\/h5><p>Nismo brojevi. Mi smo pojedinci s vlastitim ciljevima, preferencijama, potrebama i problemima. Ako \u017eelimo pru\u017eiti najpersonaliziranije mogu\u0107e korisni\u010dko iskustvo, moramo razumjeti potrebe i probleme svakog korisnika. Da bismo to postigli, moramo vas malo bolje upoznati. \u017delimo razumjeti koje vas teme zanimaju, koji sadr\u017eaj \u010ditate na na\u0161im web stranicama, koje doga\u0111aje posje\u0107ujete, koji su komunikacijski kanali najprikladniji za komunikaciju s vama itd.<\/p><p>Davanjem privole za pohranu, obradu i prijenos osobnih podataka sudjelovanjem u nagradnim igrama, preuzimanjem datoteka s Geospletovih web stranica, slanjem svojih podataka putem online obrazaca ili pretplatom na e-biltene, korisnik ovla\u0161\u0107uje Geosplet doo za obradu i pohranu danih osobnih podataka, u skladu s va\u017ee\u0107im zakonima. Davanjem privole korisnik ovla\u0161\u0107uje Geosplet doo, kao voditelja zbirke osobnih podataka, da obra\u0111uje prikupljene osobne podatke u svrhu uzorkovanja, anketiranja i statisti\u010dke obrade podataka, za utvr\u0111ivanje kori\u0161tenja usluga, prilagodbu ponude i segmentaciju, za istra\u017eivanje tr\u017ei\u0161ta, informiranje o ponudi, novostima i pogodnostima, za slanje e-biltena i drugih reklamnih materijala, informiranje korisnika o uslugama Geosplet doo, i povezanih osoba, te za druge oblike kori\u0161tenja danih podataka.<\/p><p>Navedene podatke Geosplet doo mo\u017ee obra\u0111ivati za vlastite potrebe do opoziva privole uz zahtjev za uklanjanje osobnih podataka iz baze podataka, ina\u010de samo onoliko dugo koliko je strogo potrebno za postizanje svrhe za koju su podaci prikupljeni, tj. 10 godina za registrirane korisnike, 5 godina za sve ostale korisnike i dok se pretplatnik ne odjavi s e-biltena ili dok kontrolor ne prestane s aktivno\u0161\u0107u na tr\u017ei\u0161tu. Tijekom upravljanja osobnim podacima, pojedinac ima mogu\u0107nost pregleda i a\u017euriranja podataka u bazi podataka na zahtjev.<\/p><h5>Za\u0161tita va\u0161e privatnosti<\/h5><p>Geosplet pru\u017ea sva potrebna tehnolo\u0161ka i organizacijska rje\u0161enja za potpunu sigurnost va\u0161ih podataka. Prijenos osjetljivih osobnih i transakcijskih podataka na web stranici provodi se na siguran na\u010din kori\u0161tenjem SSL (Secure Sockets Layer) protokola. Podaci su \u0161ifrirani s do 256-bitnim klju\u010dem prije nego \u0161to napuste va\u0161 preglednik i prenose se na na\u0161 poslu\u017eitelj u za\u0161ti\u0107enom obliku. Sustav na taj na\u010din sprje\u010dava da itko presretne va\u0161e osobne i transakcijske podatke koje \u0161aljete u online trgovinu.<\/p>\t\t\t\t\t\t\t\t<\/div>\n\t\t\t\t\t<\/div>\n\t\t<\/div>\n\t\t\t\t\t<\/div>\n\t\t<\/section>\n\t\t\t\t<\/div>","protected":false},"excerpt":{"rendered":"<p>Varovanje podatkov\u00a0 Osebni podatki Va\u0161e osebne podatke obdelujemo , da lahko efektivno odgovorimo na va\u0161e povpra\u0161evanje ali obdelamo prijavo na dogodek ter, da vam lahko zagotovimo najbolj\u0161o mo\u017eno izku\u0161njo na na\u0161i spletni strani ter drugih digitalnih kanalih, ki jih uporabljamo. Va\u0161e osebne podatke bomo uporabili izklju\u010dno za potrebe izpolnitve naro\u010dila (npr. po\u0161iljanje informativnega gradiva, ponudb, [&hellip;]<\/p>\n","protected":false},"author":1,"featured_media":0,"parent":0,"menu_order":0,"comment_status":"closed","ping_status":"closed","template":"elementor_header_footer","meta":{"inline_featured_image":false,"_monsterinsights_skip_tracking":false,"_monsterinsights_sitenote_active":false,"_monsterinsights_sitenote_note":"","_monsterinsights_sitenote_category":0,"footnotes":""},"class_list":["post-25778","page","type-page","status-publish","hentry"],"aioseo_notices":[],"_links":{"self":[{"href":"https:\/\/geosplet.com\/hr\/wp-json\/wp\/v2\/pages\/25778","targetHints":{"allow":["GET"]}}],"collection":[{"href":"https:\/\/geosplet.com\/hr\/wp-json\/wp\/v2\/pages"}],"about":[{"href":"https:\/\/geosplet.com\/hr\/wp-json\/wp\/v2\/types\/page"}],"author":[{"embeddable":true,"href":"https:\/\/geosplet.com\/hr\/wp-json\/wp\/v2\/users\/1"}],"replies":[{"embeddable":true,"href":"https:\/\/geosplet.com\/hr\/wp-json\/wp\/v2\/comments?post=25778"}],"version-history":[{"count":10,"href":"https:\/\/geosplet.com\/hr\/wp-json\/wp\/v2\/pages\/25778\/revisions"}],"predecessor-version":[{"id":25803,"href":"https:\/\/geosplet.com\/hr\/wp-json\/wp\/v2\/pages\/25778\/revisions\/25803"}],"wp:attachment":[{"href":"https:\/\/geosplet.com\/hr\/wp-json\/wp\/v2\/media?parent=25778"}],"curies":[{"name":"radni list","href":"https:\/\/api.w.org\/{rel}","templated":true}]}}